{"id":3042,"date":"2018-12-09T15:01:12","date_gmt":"2018-12-09T14:01:12","guid":{"rendered":"https:\/\/mini-bob.com\/product\/specialutgaava-2015-pulka-mini-bob-brons-metalic\/"},"modified":"2025-12-07T22:39:01","modified_gmt":"2025-12-07T21:39:01","slug":"specialutgaava-pulka-mini-bob-brons-metalic","status":"publish","type":"product","link":"https:\/\/mini-bob.com\/sv\/produkt\/specialutgaava-pulka-mini-bob-brons-metalic\/","title":{"rendered":"+UTF\u00d6RS\u00c5LD+ Edition mini bob (Zipflbob k\u00e4lke) i brons"},"content":{"rendered":"<p><strong>+SOLD OUT+<\/strong><\/p>\n<h2>Original mini bob (Zipflbob) brons<\/h2>\n<p>Den <strong>ursprungliga mini bob<\/strong> (\u00e4ven k\u00e4nd som &#8221;Zipflbob&#8221;, &#8221;Zipfelbob&#8221; eller &#8221;Zipfybob&#8221;) uppfanns i \u00d6sterrike p\u00e5 1970-talet och har tillverkats av oss i Tyskland sedan 1976, fortfarande delvis f\u00f6r hand.<\/p>\n<p>Bronze <strong>mini bob<\/strong> \u00e4r praktiskt taget of\u00f6rst\u00f6rbar tack vare sin bryts\u00e4kra och kompakta h\u00e5lkroppskonstruktion i plast, som har testats framg\u00e5ngsrikt i \u00e5rtionden, och \u00e4r fortfarande mycket l\u00e4tt p\u00e5 ca 1,7 kg. Den l\u00e5ga s\u00e4tespositionen, som \u00e4r anpassad till kroppen, m\u00f6jligg\u00f6r bekv\u00e4mt och tr\u00f6tthetsfritt vintern\u00f6je f\u00f6r b\u00e5de unga och gamla. Sedan den uppfanns p\u00e5 1970-talet har tre generationer kunnat f\u00f6lja sloganen: <strong>&#8221;Maximum fun with mini bob&#8221;.<\/strong> Den <strong>bronsf\u00e4rgade mini bob<\/strong> \u00e4r l\u00e4mplig f\u00f6r alla tack vare sitt s\u00e4kra k\u00f6rbeteende!  K\u00f6rgl\u00e4dje \u00e4r garanterat p\u00e5 korta och platta k\u00e4lkbackar samt p\u00e5 t\u00e4vlingsbanor. Tack vare den stabila konstruktionen och den extrema man\u00f6vrerbarheten \u00e4r h\u00f6ga hastigheter inget problem.<\/p>\n<p>Den ursprungliga mini bob \u00e4r en flerfaldig vinnare i nationella och internationella &#8221;Zipflbob&#8221;-m\u00e4sterskap.<\/p>\n<p>&nbsp;<\/p>\n<p><span style=\"color: #ff0000;\">!! Uppm\u00e4rksamhet !!!! Kopior erbjuds i olika n\u00e4tbutiker. N\u00e4r du k\u00f6per, leta efter en licensierad \u00e5terf\u00f6rs\u00e4ljare och mini bob-logotypen!<\/span><\/p>\n<p>&nbsp;<\/p>\n<p>Uppgifter:<\/p>\n<p><strong>brons Zipflbob (mini bob)<\/strong><\/p>\n<p>Vikt: ca 1,7 kg<br \/>\nM\u00e5tt L x B x H (i cm): 53 x 33 x 40<br \/>\nMaterial: HD PE (ftalatfri)<br \/>\nTill\u00e5ten belastning: max 100 kg<br \/>\nTillverkad i Tyskland - Tillverkad i Tyskland<\/p>\n<p>F\u00f6rsiktighet: Inte l\u00e4mplig f\u00f6r barn under tre \u00e5r. Anv\u00e4nd under direkt \u00f6vervakning av en vuxen. Ska anv\u00e4ndas med skyddsutrustning.<\/p>\n<p>De lagstadgade garantir\u00e4ttigheterna g\u00e4ller f\u00f6r v\u00e5ra varor. Observera v\u00e5ra s\u00e4kerhetsanvisningar och v\u00e5ra vanliga <a href=\"https:\/\/mini-bob.com\/sv\/faq\/\" target=\"_blank\" rel=\"noopener noreferrer\">fr\u00e5gor och svar<\/a>!<\/p>\n<p>Du kan hitta mer intressant information om den ursprungliga zipflbob p\u00e5 <strong>mini bob-webbplatsen<\/strong>: <strong><a href=\"https:\/\/mini-bob.com\/sv\/mini-bob\/\">ursprungliga webbplatsen f\u00f6r mini bob<\/a><\/strong><\/p>\n<p>S\u00e4ljs endast i normala hush\u00e5llskvantiteter (max 2 stycken per f\u00e4rg!) - endast f\u00f6r privat bruk! Det \u00e4r f\u00f6rbjudet att s\u00e4lja vidare till f\u00f6retag (med till\u00e4ggsavgift)!<\/p>\n","protected":false},"excerpt":{"rendered":"<p>+SOLD OUT+<\/p>\n<p>Specialserie i brons med metallic-effekt. Beroende p\u00e5 ljusinfallet skapar denna <strong>originella mini bob<\/strong> en speciell f\u00e4rgeffekt. <\/p>\n<p><strong>Produktionen \u00e4r strikt begr\u00e4nsad till endast 700 exemplar.<\/strong>  S\u00e5 var snabb s\u00e5 att du kan bli en av de lyckliga!<\/p>\n","protected":false},"featured_media":10145,"comment_status":"open","ping_status":"closed","template":"","meta":{"_acf_changed":false},"product_brand":[],"product_cat":[224],"product_tag":[1035,1036,1037,281,608],"class_list":{"0":"post-3042","1":"product","2":"type-product","3":"status-publish","4":"has-post-thumbnail","6":"product_cat-mini-bob-specialedition-sv","7":"product_tag-mini-bob-brons","8":"product_tag-zipfy-brons","9":"product_tag-zipflbob-brons","10":"product_tag-mini-bob-specialutgava","11":"product_tag-plast-bob-brons","12":"product_shipping_class-minibob-sv-2","13":"description-off","15":"first","16":"outofstock","17":"taxable","18":"shipping-taxable","19":"purchasable","20":"product-type-simple"},"acf":[],"_links":{"self":[{"href":"https:\/\/mini-bob.com\/sv\/wp-json\/wp\/v2\/product\/3042","targetHints":{"allow":["GET"]}}],"collection":[{"href":"https:\/\/mini-bob.com\/sv\/wp-json\/wp\/v2\/product"}],"about":[{"href":"https:\/\/mini-bob.com\/sv\/wp-json\/wp\/v2\/types\/product"}],"replies":[{"embeddable":true,"href":"https:\/\/mini-bob.com\/sv\/wp-json\/wp\/v2\/comments?post=3042"}],"wp:featuredmedia":[{"embeddable":true,"href":"https:\/\/mini-bob.com\/sv\/wp-json\/wp\/v2\/media\/10145"}],"wp:attachment":[{"href":"https:\/\/mini-bob.com\/sv\/wp-json\/wp\/v2\/media?parent=3042"}],"wp:term":[{"taxonomy":"product_brand","embeddable":true,"href":"https:\/\/mini-bob.com\/sv\/wp-json\/wp\/v2\/product_brand?post=3042"},{"taxonomy":"product_cat","embeddable":true,"href":"https:\/\/mini-bob.com\/sv\/wp-json\/wp\/v2\/product_cat?post=3042"},{"taxonomy":"product_tag","embeddable":true,"href":"https:\/\/mini-bob.com\/sv\/wp-json\/wp\/v2\/product_tag?post=3042"}],"curies":[{"name":"wp","href":"https:\/\/api.w.org\/{rel}","templated":true}]}}